{"id":2044,"date":"2020-11-11T14:57:30","date_gmt":"2020-11-11T13:57:30","guid":{"rendered":"https:\/\/nem-energy.com\/rechtlicher-hinweis\/"},"modified":"2024-04-08T16:49:37","modified_gmt":"2024-04-08T14:49:37","slug":"rechtlicher-hinweis","status":"publish","type":"page","link":"https:\/\/nem-site.staging.legitagency.nl\/de\/rechtlicher-hinweis\/","title":{"rendered":"Impressum"},"content":{"rendered":"<div id='av-layout-grid-1'  class='av-layout-grid-container av-h5aojm-c31868f27e548b8c1746d295d05fe0b2 entry-content-wrapper main_color av-flex-cells  avia-builder-el-0  el_before_av_layout_row  avia-builder-el-first   container_wrap sidebar_right'  >\n\n<style type=\"text\/css\" data-created_by=\"avia_inline_auto\" id=\"style-css-av-fagzlu-3b2a900126470f3f9979099307d51a52\">\n.flex_cell.av-fagzlu-3b2a900126470f3f9979099307d51a52{\nvertical-align:middle;\nheight:500px;\nmin-height:500px;\nbackground:url(https:\/\/nem-site.staging.legitagency.nl\/wp-content\/uploads\/2020\/10\/arrow-left-white.svg) 100% 50% no-repeat scroll #ebebeb;\n}\n.responsive #top #wrap_all .flex_cell.av-fagzlu-3b2a900126470f3f9979099307d51a52{\npadding:250px 150px 250px 150px !important;\n}\n<\/style>\n<div class='flex_cell av-fagzlu-3b2a900126470f3f9979099307d51a52 av-gridrow-cell av_one_half no_margin av-hide-on-mobile  avia-builder-el-1  el_before_av_cell_one_half  avia-builder-el-first  triangle-cell-left'  ><div class='flex_cell_inner'>\n<style type=\"text\/css\" data-created_by=\"avia_inline_auto\" id=\"style-css-av-eqk94y-5c739186cec5665e1a11232be5f1b2f9\">\n#top .av_textblock_section.av-eqk94y-5c739186cec5665e1a11232be5f1b2f9 .avia_textblock{\ncolor:#a1c1e6;\n}\n<\/style>\n<section  class='av_textblock_section av-eqk94y-5c739186cec5665e1a11232be5f1b2f9 '   itemscope=\"itemscope\" itemtype=\"https:\/\/schema.org\/CreativeWork\" ><div class='avia_textblock av_inherit_color'  itemprop=\"text\" ><h1 style=\"text-align: right;\">Impressum<\/h1>\n<\/div><\/section>\n<\/div><\/div>\n<style type=\"text\/css\" data-created_by=\"avia_inline_auto\" id=\"style-css-av-c2bymq-1e4c5dfcee2a98a4c8d0834ca76b92ff\">\n.flex_cell.av-c2bymq-1e4c5dfcee2a98a4c8d0834ca76b92ff{\nvertical-align:middle;\nheight:500px;\nmin-height:500px;\n}\n.responsive #top #wrap_all .flex_cell.av-c2bymq-1e4c5dfcee2a98a4c8d0834ca76b92ff{\npadding:100px 100px 100px 100px !important;\n}\n<\/style>\n<div class='flex_cell av-c2bymq-1e4c5dfcee2a98a4c8d0834ca76b92ff av-gridrow-cell av_one_half no_margin  avia-builder-el-3  el_after_av_cell_one_half  avia-builder-el-last '  ><div class='flex_cell_inner'><p>\n<style type=\"text\/css\" data-created_by=\"avia_inline_auto\" id=\"style-css-av-kafqqy2a-961019bcc76639ee94df2f2fca7c6c81\">\n#top .hr.hr-invisible.av-kafqqy2a-961019bcc76639ee94df2f2fca7c6c81{\nmargin-top:-75px;\nheight:1px;\n}\n<\/style>\n<div  class='hr av-kafqqy2a-961019bcc76639ee94df2f2fca7c6c81 hr-invisible  avia-builder-el-4  el_before_av_textblock  avia-builder-el-first  av-desktop-hide av-medium-hide av-small-hide'><span class='hr-inner '><span class=\"hr-inner-style\"><\/span><\/span><\/div><br \/>\n<section  class='av_textblock_section av-eqk94y-6-4a5342c853af6f095c7b628563b210b3 '   itemscope=\"itemscope\" itemtype=\"https:\/\/schema.org\/CreativeWork\" ><div class='av-desktop-hide av-medium-hide av-small-hide avia_textblock av_inherit_color'  itemprop=\"text\" ><h3 style=\"text-align: left;\">Impressum<\/h3>\n<\/div><\/section><br \/>\n\n<style type=\"text\/css\" data-created_by=\"avia_inline_auto\" id=\"style-css-av-kafqqy2a-5-a93888a60e397c1898618a687ed627c5\">\n#top .hr.hr-invisible.av-kafqqy2a-5-a93888a60e397c1898618a687ed627c5{\nheight:25px;\n}\n<\/style>\n<div  class='hr av-kafqqy2a-5-a93888a60e397c1898618a687ed627c5 hr-invisible  avia-builder-el-6  el_after_av_textblock  el_before_av_textblock  av-desktop-hide av-medium-hide av-small-hide'><span class='hr-inner '><span class=\"hr-inner-style\"><\/span><\/span><\/div><br \/>\n\n<style type=\"text\/css\" data-created_by=\"avia_inline_auto\" id=\"style-css-av-6gp36q-2ea19a657560e4feab0fcf63a8302b02\">\n#top .av_textblock_section.av-6gp36q-2ea19a657560e4feab0fcf63a8302b02 .avia_textblock{\nfont-size:15px;\n}\n<\/style>\n<section  class='av_textblock_section av-6gp36q-2ea19a657560e4feab0fcf63a8302b02 '   itemscope=\"itemscope\" itemtype=\"https:\/\/schema.org\/CreativeWork\" ><div class='avia_textblock'  itemprop=\"text\" ><h3>NEM Energie B.V.<\/h3>\n<p>Stadhouderslaan 900<br \/>\n2382 BL Zoeterwoude<br \/>\nNiederlande<\/p>\n<h3>Registergericht<\/h3>\n<p>Handelsregister Zoeterwoude Nummer 86238922<br \/>\nUmsatzsteuer-ID-Nummer NL 863905894B01<\/p>\n<h3>Kontakt<\/h3>\n<p>Telefon: +49 2361 9869-0<br \/>\nE-Mail: info@nem-energy.com<\/p>\n<h3>Vorstand und Gesch\u00e4ftsf\u00fchrung<\/h3>\n<p>Alexander Wisse (Vorstandsvorsitzender)<\/p>\n<h3>Technischer Kontakt<\/h3>\n<p>E-Mail: info@nem-energy.com<\/p>\n<\/div><\/section><\/p>\n<\/div><\/div><\/div><div id='datenschutz'  class='av-layout-grid-container av-8ogyj6-0312d74c5895b0b04220907ab7f821db entry-content-wrapper main_color av-flex-cells  avia-builder-el-8  el_after_av_layout_row  avia-builder-el-last  grid-row-not-first  container_wrap sidebar_right'  >\n\n<style type=\"text\/css\" data-created_by=\"avia_inline_auto\" id=\"style-css-av-799w82-ef28c7ecd2904deef2a0e50071db96aa\">\n.flex_cell.av-799w82-ef28c7ecd2904deef2a0e50071db96aa{\nvertical-align:middle;\nheight:500px;\nmin-height:500px;\nbackground:url(https:\/\/nem-site.staging.legitagency.nl\/wp-content\/uploads\/2022\/10\/Simple-Cycle-exhaust-gas-stacks_original.jpg) 100% 50% no-repeat scroll ;\n}\n.responsive #top #wrap_all .flex_cell.av-799w82-ef28c7ecd2904deef2a0e50071db96aa{\npadding:100px 100px 100px 100px !important;\n}\n<\/style>\n<div class='flex_cell av-799w82-ef28c7ecd2904deef2a0e50071db96aa av-gridrow-cell av_one_half no_margin  avia-builder-el-9  el_before_av_cell_one_half  avia-builder-el-first '  ><div class='flex_cell_inner'><p>\n<style type=\"text\/css\" data-created_by=\"avia_inline_auto\" id=\"style-css-av-kafqqy2a-4-39ade6b839c1920ea998b02c19b88c93\">\n#top .hr.hr-invisible.av-kafqqy2a-4-39ade6b839c1920ea998b02c19b88c93{\nmargin-top:-50px;\nheight:1px;\n}\n<\/style>\n<div  class='hr av-kafqqy2a-4-39ade6b839c1920ea998b02c19b88c93 hr-invisible  avia-builder-el-10  el_before_av_textblock  avia-builder-el-first  av-desktop-hide av-medium-hide av-small-hide'><span class='hr-inner '><span class=\"hr-inner-style\"><\/span><\/span><\/div><br \/>\n<section  class='av_textblock_section av-36i46a-3b36ef950506c96d6817b4c383f6712f '   itemscope=\"itemscope\" itemtype=\"https:\/\/schema.org\/CreativeWork\" ><div class='av-desktop-hide av-medium-hide av-small-hide avia_textblock av_inherit_color'  itemprop=\"text\" ><h3>Copyright \u00a9 2026<\/h3>\n<\/div><\/section><br \/>\n\n<style type=\"text\/css\" data-created_by=\"avia_inline_auto\" id=\"style-css-av-kafqqy2a-2-d51f0615948b02945fb39d25c8e809d0\">\n#top .hr.hr-invisible.av-kafqqy2a-2-d51f0615948b02945fb39d25c8e809d0{\nheight:25px;\n}\n<\/style>\n<div  class='hr av-kafqqy2a-2-d51f0615948b02945fb39d25c8e809d0 hr-invisible  avia-builder-el-12  el_after_av_textblock  el_before_av_textblock  av-desktop-hide av-medium-hide av-small-hide'><span class='hr-inner '><span class=\"hr-inner-style\"><\/span><\/span><\/div><br \/>\n\n<style type=\"text\/css\" data-created_by=\"avia_inline_auto\" id=\"style-css-av-6gp36q-3-c84741fa20918ea49e9868d1bb4a9398\">\n#top .av_textblock_section.av-6gp36q-3-c84741fa20918ea49e9868d1bb4a9398 .avia_textblock{\nfont-size:15px;\n}\n<\/style>\n<section  class='av_textblock_section av-6gp36q-3-c84741fa20918ea49e9868d1bb4a9398 '   itemscope=\"itemscope\" itemtype=\"https:\/\/schema.org\/CreativeWork\" ><div class='avia_textblock'  itemprop=\"text\" ><h3>NEM Energy B.V. Alle Rechte vorbehalten.<\/h3>\n<p>Der Inhalt dieser Website ist urheberrechtlich gesch\u00fctzt. Die Vervielf\u00e4ltigung von Informationen oder Daten, insbesondere die Ver\u00f6ffentlichung s\u00e4mtlicher Inhalte, Fotos, Texte und Grafiken unterliegen dem Copyright der NEM Energy B.V. Sie d\u00fcrfen weder ganz noch teilweise ohne deren vorherige Zustimmung kopiert, ver\u00e4ndert, vervielf\u00e4ltigt oder ver\u00f6ffentlicht werden. Dieses Urheberrecht gilt auch f\u00fcr die folgenden Telemedien: Google+, YouTube, Instagram, Facebook, Twitter, LinkedIn und Xing.<\/p>\n<p>Bei Eingriffen in die Urheberrechte Dritter bitten wir um sofortige Benachrichtigung.<\/p>\n<\/div><\/section><\/p>\n<\/div><\/div>\n<style type=\"text\/css\" data-created_by=\"avia_inline_auto\" id=\"style-css-av-44f6ia-6006abc2d7e31d0926b869302314a7da\">\n.flex_cell.av-44f6ia-6006abc2d7e31d0926b869302314a7da{\nvertical-align:middle;\nheight:500px;\nmin-height:500px;\nbackground:url(https:\/\/nem-site.staging.legitagency.nl\/wp-content\/uploads\/2020\/10\/arrow-right-white.svg) 0% 50% no-repeat scroll #ebebeb;\n}\n.responsive #top #wrap_all .flex_cell.av-44f6ia-6006abc2d7e31d0926b869302314a7da{\npadding:250px 150px 250px 150px !important;\n}\n<\/style>\n<div class='flex_cell av-44f6ia-6006abc2d7e31d0926b869302314a7da av-gridrow-cell av_one_half no_margin av-hide-on-mobile  avia-builder-el-14  el_after_av_cell_one_half  avia-builder-el-last  triangle-cell-right'  ><div class='flex_cell_inner'>\n<style type=\"text\/css\" data-created_by=\"avia_inline_auto\" id=\"style-css-av-36i46a-1-12c9d75b57bde4522b9e200f9e416628\">\n#top .av_textblock_section.av-36i46a-1-12c9d75b57bde4522b9e200f9e416628 .avia_textblock{\ncolor:#a1c1e6;\n}\n<\/style>\n<section  class='av_textblock_section av-36i46a-1-12c9d75b57bde4522b9e200f9e416628 '   itemscope=\"itemscope\" itemtype=\"https:\/\/schema.org\/CreativeWork\" ><div class='avia_textblock av_inherit_color'  itemprop=\"text\" ><h1>Copyright \u00a9 2026<\/h1>\n<\/div><\/section>\n<\/div><\/div>\n<\/div><\/p>\n","protected":false},"excerpt":{"rendered":"","protected":false},"author":2,"featured_media":0,"parent":0,"menu_order":0,"comment_status":"closed","ping_status":"closed","template":"","meta":{"inline_featured_image":false,"footnotes":""},"class_list":["post-2044","page","type-page","status-publish","hentry"],"yoast_head":"<!-- This site is optimized with the Yoast SEO plugin v23.3 - https:\/\/yoast.com\/wordpress\/plugins\/seo\/ -->\n<title>Impressum - NEM Energy B.V.<\/title>\n<meta name=\"robots\" content=\"noindex, follow, max-snippet:-1, max-image-preview:large, max-video-preview:-1\" \/>\n<meta property=\"og:locale\" content=\"de_DE\" \/>\n<meta property=\"og:type\" content=\"article\" \/>\n<meta property=\"og:title\" content=\"Impressum - NEM Energy B.V.\" \/>\n<meta property=\"og:url\" content=\"https:\/\/nem-site.staging.legitagency.nl\/de\/rechtlicher-hinweis\/\" \/>\n<meta property=\"og:site_name\" content=\"NEM Energy B.V.\" \/>\n<meta property=\"article:modified_time\" content=\"2024-04-08T14:49:37+00:00\" \/>\n<meta name=\"twitter:card\" content=\"summary_large_image\" \/>\n<meta name=\"twitter:label1\" content=\"Gesch\u00e4tzte Lesezeit\" \/>\n\t<meta name=\"twitter:data1\" content=\"6\u00a0Minuten\" \/>\n<script type=\"application\/ld+json\" class=\"yoast-schema-graph\">{\"@context\":\"https:\/\/schema.org\",\"@graph\":[{\"@type\":\"WebPage\",\"@id\":\"https:\/\/nem-site.staging.legitagency.nl\/de\/rechtlicher-hinweis\/\",\"url\":\"https:\/\/nem-site.staging.legitagency.nl\/de\/rechtlicher-hinweis\/\",\"name\":\"Impressum - NEM Energy B.V.\",\"isPartOf\":{\"@id\":\"https:\/\/nem-site.staging.legitagency.nl\/de\/#website\"},\"datePublished\":\"2020-11-11T13:57:30+00:00\",\"dateModified\":\"2024-04-08T14:49:37+00:00\",\"breadcrumb\":{\"@id\":\"https:\/\/nem-site.staging.legitagency.nl\/de\/rechtlicher-hinweis\/#breadcrumb\"},\"inLanguage\":\"de\",\"potentialAction\":[{\"@type\":\"ReadAction\",\"target\":[\"https:\/\/nem-site.staging.legitagency.nl\/de\/rechtlicher-hinweis\/\"]}]},{\"@type\":\"BreadcrumbList\",\"@id\":\"https:\/\/nem-site.staging.legitagency.nl\/de\/rechtlicher-hinweis\/#breadcrumb\",\"itemListElement\":[{\"@type\":\"ListItem\",\"position\":1,\"name\":\"Home\",\"item\":\"https:\/\/nem-site.staging.legitagency.nl\/de\/\"},{\"@type\":\"ListItem\",\"position\":2,\"name\":\"Impressum\"}]},{\"@type\":\"WebSite\",\"@id\":\"https:\/\/nem-site.staging.legitagency.nl\/de\/#website\",\"url\":\"https:\/\/nem-site.staging.legitagency.nl\/de\/\",\"name\":\"NEM Energy B.V.\",\"description\":\"Heat Transfer Technology\",\"publisher\":{\"@id\":\"https:\/\/nem-site.staging.legitagency.nl\/de\/#organization\"},\"potentialAction\":[{\"@type\":\"SearchAction\",\"target\":{\"@type\":\"EntryPoint\",\"urlTemplate\":\"https:\/\/nem-site.staging.legitagency.nl\/de\/?s={search_term_string}\"},\"query-input\":\"required name=search_term_string\"}],\"inLanguage\":\"de\"},{\"@type\":\"Organization\",\"@id\":\"https:\/\/nem-site.staging.legitagency.nl\/de\/#organization\",\"name\":\"NEM Energy B.V.\",\"url\":\"https:\/\/nem-site.staging.legitagency.nl\/de\/\",\"logo\":{\"@type\":\"ImageObject\",\"inLanguage\":\"de\",\"@id\":\"https:\/\/nem-site.staging.legitagency.nl\/de\/#\/schema\/logo\/image\/\",\"url\":\"https:\/\/nem-site.staging.legitagency.nl\/wp-content\/uploads\/2022\/09\/nem-logo.png\",\"contentUrl\":\"https:\/\/nem-site.staging.legitagency.nl\/wp-content\/uploads\/2022\/09\/nem-logo.png\",\"width\":400,\"height\":400,\"caption\":\"NEM Energy B.V.\"},\"image\":{\"@id\":\"https:\/\/nem-site.staging.legitagency.nl\/de\/#\/schema\/logo\/image\/\"},\"sameAs\":[\"https:\/\/www.linkedin.com\/company\/nem\/\"]}]}<\/script>\n<!-- \/ Yoast SEO plugin. -->","yoast_head_json":{"title":"Impressum - NEM Energy B.V.","robots":{"index":"noindex","follow":"follow","max-snippet":"max-snippet:-1","max-image-preview":"max-image-preview:large","max-video-preview":"max-video-preview:-1"},"og_locale":"de_DE","og_type":"article","og_title":"Impressum - NEM Energy B.V.","og_url":"https:\/\/nem-site.staging.legitagency.nl\/de\/rechtlicher-hinweis\/","og_site_name":"NEM Energy B.V.","article_modified_time":"2024-04-08T14:49:37+00:00","twitter_card":"summary_large_image","twitter_misc":{"Gesch\u00e4tzte Lesezeit":"6\u00a0Minuten"},"schema":{"@context":"https:\/\/schema.org","@graph":[{"@type":"WebPage","@id":"https:\/\/nem-site.staging.legitagency.nl\/de\/rechtlicher-hinweis\/","url":"https:\/\/nem-site.staging.legitagency.nl\/de\/rechtlicher-hinweis\/","name":"Impressum - NEM Energy B.V.","isPartOf":{"@id":"https:\/\/nem-site.staging.legitagency.nl\/de\/#website"},"datePublished":"2020-11-11T13:57:30+00:00","dateModified":"2024-04-08T14:49:37+00:00","breadcrumb":{"@id":"https:\/\/nem-site.staging.legitagency.nl\/de\/rechtlicher-hinweis\/#breadcrumb"},"inLanguage":"de","potentialAction":[{"@type":"ReadAction","target":["https:\/\/nem-site.staging.legitagency.nl\/de\/rechtlicher-hinweis\/"]}]},{"@type":"BreadcrumbList","@id":"https:\/\/nem-site.staging.legitagency.nl\/de\/rechtlicher-hinweis\/#breadcrumb","itemListElement":[{"@type":"ListItem","position":1,"name":"Home","item":"https:\/\/nem-site.staging.legitagency.nl\/de\/"},{"@type":"ListItem","position":2,"name":"Impressum"}]},{"@type":"WebSite","@id":"https:\/\/nem-site.staging.legitagency.nl\/de\/#website","url":"https:\/\/nem-site.staging.legitagency.nl\/de\/","name":"NEM Energy B.V.","description":"Heat Transfer Technology","publisher":{"@id":"https:\/\/nem-site.staging.legitagency.nl\/de\/#organization"},"potentialAction":[{"@type":"SearchAction","target":{"@type":"EntryPoint","urlTemplate":"https:\/\/nem-site.staging.legitagency.nl\/de\/?s={search_term_string}"},"query-input":"required name=search_term_string"}],"inLanguage":"de"},{"@type":"Organization","@id":"https:\/\/nem-site.staging.legitagency.nl\/de\/#organization","name":"NEM Energy B.V.","url":"https:\/\/nem-site.staging.legitagency.nl\/de\/","logo":{"@type":"ImageObject","inLanguage":"de","@id":"https:\/\/nem-site.staging.legitagency.nl\/de\/#\/schema\/logo\/image\/","url":"https:\/\/nem-site.staging.legitagency.nl\/wp-content\/uploads\/2022\/09\/nem-logo.png","contentUrl":"https:\/\/nem-site.staging.legitagency.nl\/wp-content\/uploads\/2022\/09\/nem-logo.png","width":400,"height":400,"caption":"NEM Energy B.V."},"image":{"@id":"https:\/\/nem-site.staging.legitagency.nl\/de\/#\/schema\/logo\/image\/"},"sameAs":["https:\/\/www.linkedin.com\/company\/nem\/"]}]}},"_links":{"self":[{"href":"https:\/\/nem-site.staging.legitagency.nl\/de\/wp-json\/wp\/v2\/pages\/2044"}],"collection":[{"href":"https:\/\/nem-site.staging.legitagency.nl\/de\/wp-json\/wp\/v2\/pages"}],"about":[{"href":"https:\/\/nem-site.staging.legitagency.nl\/de\/wp-json\/wp\/v2\/types\/page"}],"author":[{"embeddable":true,"href":"https:\/\/nem-site.staging.legitagency.nl\/de\/wp-json\/wp\/v2\/users\/2"}],"replies":[{"embeddable":true,"href":"https:\/\/nem-site.staging.legitagency.nl\/de\/wp-json\/wp\/v2\/comments?post=2044"}],"version-history":[{"count":8,"href":"https:\/\/nem-site.staging.legitagency.nl\/de\/wp-json\/wp\/v2\/pages\/2044\/revisions"}],"predecessor-version":[{"id":3197,"href":"https:\/\/nem-site.staging.legitagency.nl\/de\/wp-json\/wp\/v2\/pages\/2044\/revisions\/3197"}],"wp:attachment":[{"href":"https:\/\/nem-site.staging.legitagency.nl\/de\/wp-json\/wp\/v2\/media?parent=2044"}],"curies":[{"name":"wp","href":"https:\/\/api.w.org\/{rel}","templated":true}]}}